{"id":5196,"date":"2026-02-03T11:45:57","date_gmt":"2026-02-03T10:45:57","guid":{"rendered":"https:\/\/freelap-adria.com\/?page_id=5196"},"modified":"2026-02-03T16:03:06","modified_gmt":"2026-02-03T15:03:06","slug":"privacy-policy","status":"publish","type":"page","link":"https:\/\/freelap-adria.com\/en\/politika-privatnosti\/","title":{"rendered":"Privacy Policy"},"content":{"rendered":"<div data-elementor-type=\"wp-page\" data-elementor-id=\"5196\" class=\"elementor elementor-5196\" data-elementor-post-type=\"page\">\n\t\t\t\t<div class=\"elementor-element elementor-element-9993841 e-flex e-con-boxed e-con e-parent\" data-id=\"9993841\" data-element_type=\"container\" data-e-type=\"container\" data-settings=\"{&quot;background_background&quot;:&quot;classic&quot;}\">\n\t\t\t\t\t<div class=\"e-con-inner\">\n\t\t\t\t<div class=\"elementor-element elementor-element-42c89d9 elementor-widget elementor-widget-heading\" data-id=\"42c89d9\" data-element_type=\"widget\" data-e-type=\"widget\" data-widget_type=\"heading.default\">\n\t\t\t\t\t<h2 class=\"elementor-heading-title elementor-size-default\">Privacy Policy<\/h2>\t\t\t\t<\/div>\n\t\t\t\t\t<\/div>\n\t\t\t\t<\/div>\n\t\t<div class=\"elementor-element elementor-element-e02de1c e-flex e-con-boxed e-con e-parent\" data-id=\"e02de1c\" data-element_type=\"container\" data-e-type=\"container\">\n\t\t\t\t\t<div class=\"e-con-inner\">\n\t\t\t\t<div class=\"elementor-element elementor-element-0ad62e9 elementor-widget elementor-widget-text-editor\" data-id=\"0ad62e9\" data-element_type=\"widget\" data-e-type=\"widget\" data-widget_type=\"text-editor.default\">\n\t\t\t\t\t\t\t\t\t<p>This Privacy Policy explains how Total d.o.o. (hereinafter: the \u201cCompany\u201d) collects, uses, processes, and protects the personal data of users of the website freelap-adria.com.<\/p><p>By using this website, you confirm that you are familiar with this Privacy Policy and that you agree with its provisions.<\/p><p>With regard to the protection of customers\u2019 personal data, Total d.o.o. is committed to providing protection of personal data, which includes:<\/p><ul><li>collecting and using only the customer\/user data necessary to fulfill our obligations,<\/li><li>informing customers about how their data is used,<\/li><li>providing customers with the choice regarding the use of their data, including whether they want their name to be used for marketing campaigns.<\/li><\/ul><p>Employees of Total d.o.o., as well as our business partners, are responsible for respecting privacy principles. All collected user data is strictly protected and available only to our staff when necessary for business operations.<\/p>\t\t\t\t\t\t\t\t<\/div>\n\t\t\t\t<div class=\"elementor-element elementor-element-2619b52 elementor-widget elementor-widget-text-editor\" data-id=\"2619b52\" data-element_type=\"widget\" data-e-type=\"widget\" data-widget_type=\"text-editor.default\">\n\t\t\t\t\t\t\t\t\t<h3>Data We Collect<\/h3><p>We may collect the following types of data:<\/p><ul><li>First and last name<\/li><li>Email address<\/li><li>Phone number<\/li><li>Shipping address<\/li><li>IP address and technical device information<\/li><li>Order details and purchased products<\/li><\/ul><p>Data is collected when you submit a quote request, create a user account, place an order, or communicate with us via email or phone.<\/p><p>Technical data is also automatically collected through cookies.<\/p>\t\t\t\t\t\t\t\t<\/div>\n\t\t\t\t<div class=\"elementor-element elementor-element-18ed157 elementor-widget elementor-widget-text-editor\" data-id=\"18ed157\" data-element_type=\"widget\" data-e-type=\"widget\" data-widget_type=\"text-editor.default\">\n\t\t\t\t\t\t\t\t\t<h3>Purpose of Data Processing<\/h3><p>User data may be used for the following purposes:<\/p><ul><li>Processing and delivering orders<\/li><li>Communication with users<\/li><li>Providing customer support<\/li><li>Improving website functionality<\/li><\/ul>\t\t\t\t\t\t\t\t<\/div>\n\t\t\t\t<div class=\"elementor-element elementor-element-e257721 elementor-widget elementor-widget-text-editor\" data-id=\"e257721\" data-element_type=\"widget\" data-e-type=\"widget\" data-widget_type=\"text-editor.default\">\n\t\t\t\t\t\t\t\t\t<h3>Data Storage and Security<\/h3><p>The Company applies technical and organizational security measures to prevent unauthorized access, data loss, and misuse.<\/p><p>Your data may only be shared with delivery services (for shipping purposes) and IT service providers who maintain the system.<\/p>\t\t\t\t\t\t\t\t<\/div>\n\t\t\t\t<div class=\"elementor-element elementor-element-570826a elementor-widget elementor-widget-text-editor\" data-id=\"570826a\" data-element_type=\"widget\" data-e-type=\"widget\" data-widget_type=\"text-editor.default\">\n\t\t\t\t\t\t\t\t\t<h3>User Rights<\/h3><p>As a user of our website, you have the right to request access to your data, request correction, or request deletion of your data. To exercise these rights, you may contact us at: info@freelap-adria.com.<\/p>\t\t\t\t\t\t\t\t<\/div>\n\t\t\t\t<div class=\"elementor-element elementor-element-108413f elementor-widget elementor-widget-text-editor\" data-id=\"108413f\" data-element_type=\"widget\" data-e-type=\"widget\" data-widget_type=\"text-editor.default\">\n\t\t\t\t\t\t\t\t\t<p>The Company reserves the right to modify this Privacy Policy. Any changes will be published on the website.<\/p>\t\t\t\t\t\t\t\t<\/div>\n\t\t\t\t\t<\/div>\n\t\t\t\t<\/div>\n\t\t\t\t<\/div>","protected":false},"excerpt":{"rendered":"<p>Politika privatnosti Ova Politika privatnosti obja\u0161njava kako Total d.o.o. (u daljem tekstu: \u201cKompanija\u201d) prikuplja, koristi, obra\u0111uje i \u0161titi li\u010dne podatke korisnika web stranice freelap-adria.com. Kori\u0161tenjem ove web stranice potvr\u0111ujete da ste upoznati sa ovom Politikom privatnosti i da se sla\u017eete sa njenim odredbama. U pogledu za\u0161tite li\u010dnih podataka kupaca, Total d.o.o. se obavezuje da \u0107e [&hellip;]<\/p>\n","protected":false},"author":1,"featured_media":0,"parent":0,"menu_order":0,"comment_status":"closed","ping_status":"closed","template":"elementor_header_footer","meta":{"footnotes":""},"class_list":["post-5196","page","type-page","status-publish","hentry"],"_links":{"self":[{"href":"https:\/\/freelap-adria.com\/en\/wp-json\/wp\/v2\/pages\/5196","targetHints":{"allow":["GET"]}}],"collection":[{"href":"https:\/\/freelap-adria.com\/en\/wp-json\/wp\/v2\/pages"}],"about":[{"href":"https:\/\/freelap-adria.com\/en\/wp-json\/wp\/v2\/types\/page"}],"author":[{"embeddable":true,"href":"https:\/\/freelap-adria.com\/en\/wp-json\/wp\/v2\/users\/1"}],"replies":[{"embeddable":true,"href":"https:\/\/freelap-adria.com\/en\/wp-json\/wp\/v2\/comments?post=5196"}],"version-history":[{"count":22,"href":"https:\/\/freelap-adria.com\/en\/wp-json\/wp\/v2\/pages\/5196\/revisions"}],"predecessor-version":[{"id":5752,"href":"https:\/\/freelap-adria.com\/en\/wp-json\/wp\/v2\/pages\/5196\/revisions\/5752"}],"wp:attachment":[{"href":"https:\/\/freelap-adria.com\/en\/wp-json\/wp\/v2\/media?parent=5196"}],"curies":[{"name":"wp","href":"https:\/\/api.w.org\/{rel}","templated":true}]}}