{"id":5237,"date":"2026-02-03T11:58:09","date_gmt":"2026-02-03T10:58:09","guid":{"rendered":"https:\/\/freelap-adria.com\/?page_id=5237"},"modified":"2026-02-03T15:18:48","modified_gmt":"2026-02-03T14:18:48","slug":"cookies","status":"publish","type":"page","link":"https:\/\/freelap-adria.com\/en\/kolacici\/","title":{"rendered":"Cookies"},"content":{"rendered":"<div data-elementor-type=\"wp-page\" data-elementor-id=\"5237\" class=\"elementor elementor-5237\" data-elementor-post-type=\"page\">\n\t\t\t\t<div class=\"elementor-element elementor-element-9993841 e-flex e-con-boxed e-con e-parent\" data-id=\"9993841\" data-element_type=\"container\" data-e-type=\"container\" data-settings=\"{&quot;background_background&quot;:&quot;classic&quot;}\">\n\t\t\t\t\t<div class=\"e-con-inner\">\n\t\t\t\t<div class=\"elementor-element elementor-element-42c89d9 elementor-widget elementor-widget-heading\" data-id=\"42c89d9\" data-element_type=\"widget\" data-e-type=\"widget\" data-widget_type=\"heading.default\">\n\t\t\t\t\t<h2 class=\"elementor-heading-title elementor-size-default\">Cookies<\/h2>\t\t\t\t<\/div>\n\t\t\t\t\t<\/div>\n\t\t\t\t<\/div>\n\t\t<div class=\"elementor-element elementor-element-e02de1c e-flex e-con-boxed e-con e-parent\" data-id=\"e02de1c\" data-element_type=\"container\" data-e-type=\"container\">\n\t\t\t\t\t<div class=\"e-con-inner\">\n\t\t\t\t<div class=\"elementor-element elementor-element-ab8b8f6 elementor-widget elementor-widget-text-editor\" data-id=\"ab8b8f6\" data-element_type=\"widget\" data-e-type=\"widget\" data-widget_type=\"text-editor.default\">\n\t\t\t\t\t\t\t\t\t<p>Cookie Policy (Effective from the date of publication)<\/p><p>This Cookie Policy explains how Total d.o.o. uses cookies and similar technologies on the website freelap-adria.com.<\/p><p>By using this website, you agree to the use of cookies in accordance with this policy.<\/p>\t\t\t\t\t\t\t\t<\/div>\n\t\t\t\t<div class=\"elementor-element elementor-element-20af5c8 elementor-widget elementor-widget-text-editor\" data-id=\"20af5c8\" data-element_type=\"widget\" data-e-type=\"widget\" data-widget_type=\"text-editor.default\">\n\t\t\t\t\t\t\t\t\t<h3>What Are Cookies?<\/h3><p>Cookies are small text files that are stored on your device when you visit a website. Their main purpose is to enable proper website functionality, improve user experience, and collect anonymous statistical data about website usage.<\/p><p>Through cookies, the following anonymous technical data may be collected: browser type and version, operating system and device type, IP address, date and time of access, pages visited and duration of visit, and traffic source.<\/p><p>This data does not allow direct identification of the user.<\/p>\t\t\t\t\t\t\t\t<\/div>\n\t\t\t\t<div class=\"elementor-element elementor-element-3c7fc59 elementor-widget elementor-widget-text-editor\" data-id=\"3c7fc59\" data-element_type=\"widget\" data-e-type=\"widget\" data-widget_type=\"text-editor.default\">\n\t\t\t\t\t\t\t\t\t<h3>Types of Cookies We Use<\/h3><h5>Necessary Cookies<\/h5><p>Necessary cookies are required to enable basic website functions, such as secure login or saving your consent preferences. These cookies do not store any personal data.<\/p><h5>Functional Cookies<\/h5><p>Functional cookies help perform certain functions, such as sharing website content on social media platforms, collecting feedback, and other third-party features.<\/p><h5>Analytical Cookies<\/h5><p>Analytical cookies are used to understand how visitors interact with the website. These cookies help provide information about metrics such as number of visitors, bounce rate, traffic source, etc.<\/p><h5>Performance Cookies<\/h5><p>Performance cookies are used to understand and analyze key performance indicators of the website, helping to provide a better user experience.<\/p><h5>Advertising Cookies<\/h5><p>Advertising cookies are used to provide visitors with personalized ads based on previously visited pages and to analyze the effectiveness of advertising campaigns.<\/p><h5>Managing Cookies<\/h5><p>You can control or delete cookies at any time through your browser settings. You can also restrict or completely disable their use.<\/p><p>Please note that disabling cookies may affect the functionality of certain parts of the website.<\/p><h5>Changes to the Cookie Policy<\/h5><p>The seller reserves the right to modify this Cookie Policy at any time. All changes will be published on the website.<\/p><p>We recommend checking this page periodically to stay informed about any updates.<\/p>\t\t\t\t\t\t\t\t<\/div>\n\t\t\t\t\t<\/div>\n\t\t\t\t<\/div>\n\t\t\t\t<\/div>","protected":false},"excerpt":{"rendered":"<p>Kola\u010di\u0107i Politika kola\u010di\u0107a na snazi od dana objave. Ova Politika kola\u010di\u0107a obja\u0161njava na koji na\u010din Total d.o.o. koristi kola\u010di\u0107e i sli\u010dne tehnologije na web stranici freelap-adria-com. Kori\u0161tenjem ove web stranice saglasni ste sa upotrebom kola\u010di\u0107a u skladu sa ovom politikom. \u0160ta su kola\u010di\u0107i? Kola\u010di\u0107i su male tekstualne datoteke koje se pohranjuju na Va\u0161 ure\u0111aj prilikom [&hellip;]<\/p>\n","protected":false},"author":1,"featured_media":0,"parent":0,"menu_order":0,"comment_status":"closed","ping_status":"closed","template":"elementor_header_footer","meta":{"footnotes":""},"class_list":["post-5237","page","type-page","status-publish","hentry"],"_links":{"self":[{"href":"https:\/\/freelap-adria.com\/en\/wp-json\/wp\/v2\/pages\/5237","targetHints":{"allow":["GET"]}}],"collection":[{"href":"https:\/\/freelap-adria.com\/en\/wp-json\/wp\/v2\/pages"}],"about":[{"href":"https:\/\/freelap-adria.com\/en\/wp-json\/wp\/v2\/types\/page"}],"author":[{"embeddable":true,"href":"https:\/\/freelap-adria.com\/en\/wp-json\/wp\/v2\/users\/1"}],"replies":[{"embeddable":true,"href":"https:\/\/freelap-adria.com\/en\/wp-json\/wp\/v2\/comments?post=5237"}],"version-history":[{"count":10,"href":"https:\/\/freelap-adria.com\/en\/wp-json\/wp\/v2\/pages\/5237\/revisions"}],"predecessor-version":[{"id":5552,"href":"https:\/\/freelap-adria.com\/en\/wp-json\/wp\/v2\/pages\/5237\/revisions\/5552"}],"wp:attachment":[{"href":"https:\/\/freelap-adria.com\/en\/wp-json\/wp\/v2\/media?parent=5237"}],"curies":[{"name":"wp","href":"https:\/\/api.w.org\/{rel}","templated":true}]}}